{"id":686,"date":"2023-08-30T20:27:10","date_gmt":"2023-08-30T20:27:10","guid":{"rendered":"https:\/\/einmahleins.ch\/?page_id=686"},"modified":"2023-08-30T20:27:10","modified_gmt":"2023-08-30T20:27:10","slug":"agb","status":"publish","type":"page","link":"https:\/\/einmahleins.ch\/index.php\/agb\/","title":{"rendered":"AGB"},"content":{"rendered":"\n<p><strong>Geltungsbereich<\/strong><br>Die nachstehenden Allgemeinen Gesch\u00e4ftsbedingungen (AGB) gelten f\u00fcr alle derzeitigen und zuk\u00fcnftigen Leistungen an Kunden in allen Vertragsabschnitten, soweit keine anderen Absprachen getroffen werden.<br><br><strong>Preisgestaltung<\/strong><br>Es gelten die auf der Website aufgef\u00fchrten Preise. Diese sind in bar, per Twint oder Rechnung zu bezahlen. Rechnungen werden jeweils zu Monatsende gestellt. Es gelten 20 Tage Zahlungsfrist.<\/p>\n\n\n\n<p><strong>Verrechnung zus\u00e4tzlicher Aufwendungen<\/strong><br>Alle Aufwendungen, die \u00fcber den urspr\u00fcnglichen Auftrag hinausgehen, werden separat zum normalen Stundenansatz f\u00fcr die momentane T\u00e4tigkeit verrechnet.<br><br><strong>Termineinhaltung<\/strong><br>Kann ein Termin nicht wahrgenommen werden, so ist dies mindestens 24 Stunden im Vorfeld zu melden. Bei Nichterscheinen ohne rechtzeitige Abmeldung werden CHF 60.00 in Rechnung gestellt.<br><br><strong>Vertraulichkeit<\/strong><br>einMAHLeins Kathrin Friesecke ist verpflichtet, alle Informationen, die w\u00e4hrend der Coachings besprochen wurden, geheim zu halten und vertraulich zu behandeln.<br><br><strong>Schlussbestimmungen<\/strong><br>Es gilt das Schweizer Recht.<\/p>\n","protected":false},"excerpt":{"rendered":"<p>GeltungsbereichDie nachstehenden Allgemeinen Gesch\u00e4ftsbedingungen (AGB) gelten f\u00fcr alle derzeitigen und zuk\u00fcnftigen Leistungen an Kunden in allen Vertragsabschnitten, soweit keine anderen Absprachen getroffen werden. PreisgestaltungEs gelten die auf der Website aufgef\u00fchrten Preise. Diese sind in bar, per Twint oder Rechnung zu bezahlen. Rechnungen werden jeweils zu Monatsende gestellt. Es gelten 20 Tage Zahlungsfrist. Verrechnung zus\u00e4tzlicher AufwendungenAlle [&hellip;]<\/p>\n","protected":false},"author":2,"featured_media":0,"parent":0,"menu_order":0,"comment_status":"closed","ping_status":"closed","template":"","meta":{"footnotes":""},"class_list":["post-686","page","type-page","status-publish","hentry"],"_links":{"self":[{"href":"https:\/\/einmahleins.ch\/index.php\/wp-json\/wp\/v2\/pages\/686","targetHints":{"allow":["GET"]}}],"collection":[{"href":"https:\/\/einmahleins.ch\/index.php\/wp-json\/wp\/v2\/pages"}],"about":[{"href":"https:\/\/einmahleins.ch\/index.php\/wp-json\/wp\/v2\/types\/page"}],"author":[{"embeddable":true,"href":"https:\/\/einmahleins.ch\/index.php\/wp-json\/wp\/v2\/users\/2"}],"replies":[{"embeddable":true,"href":"https:\/\/einmahleins.ch\/index.php\/wp-json\/wp\/v2\/comments?post=686"}],"version-history":[{"count":1,"href":"https:\/\/einmahleins.ch\/index.php\/wp-json\/wp\/v2\/pages\/686\/revisions"}],"predecessor-version":[{"id":687,"href":"https:\/\/einmahleins.ch\/index.php\/wp-json\/wp\/v2\/pages\/686\/revisions\/687"}],"wp:attachment":[{"href":"https:\/\/einmahleins.ch\/index.php\/wp-json\/wp\/v2\/media?parent=686"}],"curies":[{"name":"wp","href":"https:\/\/api.w.org\/{rel}","templated":true}]}}