{"id":2,"date":"2023-06-24T08:30:29","date_gmt":"2023-06-24T08:30:29","guid":{"rendered":"https:\/\/einmahleins.ch\/?page_id=2"},"modified":"2025-02-24T08:24:45","modified_gmt":"2025-02-24T08:24:45","slug":"home","status":"publish","type":"page","link":"https:\/\/einmahleins.ch\/","title":{"rendered":"Home"},"content":{"rendered":"\n<div class=\"wp-block-group has-custom-color-4-color has-text-color has-global-padding is-layout-constrained wp-block-group-is-layout-constrained\">\n<h1 class=\"wp-block-heading has-text-align-right home-header\" style=\"padding-top:50px;padding-right:0;padding-bottom:0;padding-left:0\">Hallo<br>und sch\u00f6n,<br>dass du da bist!&nbsp;<\/h1>\n\n\n\n<p class=\"has-base-color has-text-color has-link-color wp-elements-ecf74ac01cb03a9a76d023e6632a0294\">Hier geht es um DICH, um dein k\u00f6rperliches und seelisches Wohlbefinden und darum, dass du dein Leben noch bewusster geniessen kannst. Mit all seinen H\u00f6hen und Tiefen. Schau dich gerne um und lass dich von meinem Angebot inspirieren. Ich freue mich, wenn ich dich ein St\u00fcckchen auf deinem Weg begleiten darf.<\/p>\n\n\n\n<p class=\"has-text-align-right has-base-color has-text-color has-link-color wp-elements-73d333392cd8ae2d394264ddb326dd58\">Herzlich,<\/p>\n\n\n\n<h3 class=\"wp-block-heading has-text-align-right\">Kathrin<\/h3>\n\n\n\n<div class=\"wp-block-buttons has-custom-font-size has-large-font-size is-content-justification-right is-layout-flex wp-container-core-buttons-is-layout-d445cf74 wp-block-buttons-is-layout-flex\">\n<div class=\"wp-block-button has-custom-font-size home-bt has-medium-font-size\"><a class=\"wp-block-button__link has-text-align-center wp-element-button\" href=\"#menu\">Hier<br>gehts<br>weiter<\/a><\/div>\n<\/div>\n<\/div>\n","protected":false},"excerpt":{"rendered":"<p>Hallound sch\u00f6n,dass du da bist!&nbsp; Hier geht es um DICH, um dein k\u00f6rperliches und seelisches Wohlbefinden und darum, dass du dein Leben noch bewusster geniessen kannst. Mit all seinen H\u00f6hen und Tiefen. Schau dich gerne um und lass dich von meinem Angebot inspirieren. Ich freue mich, wenn ich dich ein St\u00fcckchen auf deinem Weg begleiten [&hellip;]<\/p>\n","protected":false},"author":1,"featured_media":96,"parent":0,"menu_order":0,"comment_status":"closed","ping_status":"closed","template":"","meta":{"footnotes":""},"class_list":["post-2","page","type-page","status-publish","has-post-thumbnail","hentry"],"_links":{"self":[{"href":"https:\/\/einmahleins.ch\/index.php\/wp-json\/wp\/v2\/pages\/2","targetHints":{"allow":["GET"]}}],"collection":[{"href":"https:\/\/einmahleins.ch\/index.php\/wp-json\/wp\/v2\/pages"}],"about":[{"href":"https:\/\/einmahleins.ch\/index.php\/wp-json\/wp\/v2\/types\/page"}],"author":[{"embeddable":true,"href":"https:\/\/einmahleins.ch\/index.php\/wp-json\/wp\/v2\/users\/1"}],"replies":[{"embeddable":true,"href":"https:\/\/einmahleins.ch\/index.php\/wp-json\/wp\/v2\/comments?post=2"}],"version-history":[{"count":50,"href":"https:\/\/einmahleins.ch\/index.php\/wp-json\/wp\/v2\/pages\/2\/revisions"}],"predecessor-version":[{"id":852,"href":"https:\/\/einmahleins.ch\/index.php\/wp-json\/wp\/v2\/pages\/2\/revisions\/852"}],"wp:featuredmedia":[{"embeddable":true,"href":"https:\/\/einmahleins.ch\/index.php\/wp-json\/wp\/v2\/media\/96"}],"wp:attachment":[{"href":"https:\/\/einmahleins.ch\/index.php\/wp-json\/wp\/v2\/media?parent=2"}],"curies":[{"name":"wp","href":"https:\/\/api.w.org\/{rel}","templated":true}]}}